{"id":59,"date":"2018-05-23T13:44:16","date_gmt":"2018-05-23T11:44:16","guid":{"rendered":"http:\/\/grabmale-wagner.com\/?page_id=59"},"modified":"2018-05-23T13:44:16","modified_gmt":"2018-05-23T11:44:16","slug":"impressum","status":"publish","type":"page","link":"https:\/\/grabmale-wagner.com\/?page_id=59","title":{"rendered":"Impressum"},"content":{"rendered":"<p>[et_pb_section bb_built=&#8220;1&#8243;][et_pb_row][et_pb_column type=&#8220;4_4&#8243;][et_pb_text _builder_version=&#8220;3.0.65&#8243; background_layout=&#8220;light&#8220; text_orientation=&#8220;left&#8220; border_style=&#8220;solid&#8220;]<\/p>\n<p><em><strong>Angaben gem\u00e4\u00df \u00a7 5 TMG:<\/strong><\/em><\/p>\n<p>Kai Zin\u00dfius<br \/>\nGrabmale Wagner &#8211; Kai Zin\u00dfius<br \/>\nFriedhofstra\u00dfe 8<br \/>\n66976 Rodalben<\/p>\n<p><em><strong>Kontakt:<br \/>\n<\/strong><\/em>Telefon: 06331\/16701<br \/>\nTelefax: 06331\/16275<br \/>\nE-Mail: info@grabmale-wagner.com<\/p>\n<p><em><strong>Registereintrag:<br \/>\n<\/strong><\/em>Eintragung im Handelsregister.<br \/>\nRegistergericht:Zweibr\u00fccken<br \/>\nRegisternummer: HRA30200<\/p>\n<p><em><strong>Umsatzsteuer:<br \/>\n<\/strong><\/em>Umsatzsteuer-Identifikationsnummer gem\u00e4\u00df \u00a727 a Umsatzsteuergesetz:<br \/>\nDE255323986<\/p>\n<p><em><strong>Technische Umsetzung der Seite:<\/strong><\/em><br \/>\nIT Haus Saarland<br \/>\nJochen Schnuer, Bornweg 6, 66636 Theley<br \/>\nTel.: +49 6853 8599696; EMail: <a href=\"mailto:info@it-haus.saarland\">info@it-haus.saarland<\/a><\/p>\n<p><em><strong>Streitschlichtung<br \/>\n<\/strong><\/em>Wir sind nicht bereit oder verpflichtet, an Streitbeilegungsverfahren vor einer Verbraucherschlichtungsstelle teilzunehmen.<\/p>\n<p><em><strong>Haftung f\u00fcr Inhalte<br \/>\n<\/strong><\/em>Als Diensteanbieter sind wir gem\u00e4\u00df \u00a7 7 Abs.1 TMG f\u00fcr eigene Inhalte auf diesen Seiten nach den allgemeinen Gesetzen verantwortlich. Nach \u00a7\u00a7 8 bis 10 TMG sind wir als Diensteanbieter jedoch nicht verpflichtet, \u00fcbermittelte oder gespeicherte fremde Informationen zu \u00fcberwachen oder nach Umst\u00e4nden zu forschen, die auf eine rechtswidrige T\u00e4tigkeit hinweisen.<\/p>\n<p>Verpflichtungen zur Entfernung oder Sperrung der Nutzung von Informationen nach den allgemeinen Gesetzen bleiben hiervon unber\u00fchrt. Eine diesbez\u00fcgliche Haftung ist jedoch erst ab dem Zeitpunkt der Kenntnis einer konkreten Rechtsverletzung m\u00f6glich. Bei Bekanntwerden von entsprechenden Rechtsverletzungen werden wir diese Inhalte umgehend entfernen.<\/p>\n<p><em><strong>Haftung f\u00fcr Links<br \/>\n<\/strong><\/em>Unser Angebot enth\u00e4lt Links zu externen Websites Dritter, auf deren Inhalte wir keinen Einfluss haben. Deshalb k\u00f6nnen wir f\u00fcr diese fremden Inhalte auch keine Gew\u00e4hr \u00fcbernehmen. F\u00fcr die Inhalte der verlinkten Seiten ist stets der jeweilige Anbieter oder Betreiber der Seiten verantwortlich. Die verlinkten Seiten wurden zum Zeitpunkt der Verlinkung auf m\u00f6gliche Rechtsverst\u00f6\u00dfe \u00fcberpr\u00fcft. Rechtswidrige Inhalte waren zum Zeitpunkt der Verlinkung nicht erkennbar.<\/p>\n<p>Eine permanente inhaltliche Kontrolle der verlinkten Seiten ist jedoch ohne konkrete Anhaltspunkte einer Rechtsverletzung nicht zumutbar. Bei Bekanntwerden von Rechtsverletzungen werden wir derartige Links umgehend entfernen.<\/p>\n<p><em><strong>Urheberrecht<br \/>\n<\/strong><\/em>Die durch die Seitenbetreiber erstellten Inhalte und Werke auf diesen Seiten unterliegen dem deutschen Urheberrecht. Die Vervielf\u00e4ltigung, Bearbeitung, Verbreitung und jede Art der Verwertung au\u00dferhalb der Grenzen des Urheberrechtes bed\u00fcrfen der schriftlichen Zustimmung des jeweiligen Autors bzw. Erstellers. Downloads und Kopien dieser Seite sind nur f\u00fcr den privaten, nicht kommerziellen Gebrauch gestattet.<\/p>\n<p>Soweit die Inhalte auf dieser Seite nicht vom Betreiber erstellt wurden, werden die Urheberrechte Dritter beachtet. Insbesondere werden Inhalte Dritter als solche gekennzeichnet. Sollten Sie trotzdem auf eine Urheberrechtsverletzung aufmerksam werden, bitten wir um einen entsprechenden Hinweis. Bei Bekanntwerden von Rechtsverletzungen werden wir derartige Inhalte umgehend entfernen.<\/p>\n<p>Quelle: <a href=\"http:\/\/www.e-recht24.de\/\" target=\"_blank\" rel=\"noopener\">eRecht24<\/a><\/p>\n<p>[\/et_pb_text][\/et_pb_column][\/et_pb_row][\/et_pb_section]<\/p>\n","protected":false},"excerpt":{"rendered":"<p><div class=\"et_pb_row et_pb_row_0 et_pb_row_empty\">\n\t\t\t\t\n\t\t\t\t\n\t\t\t\t\n\t\t\t\t\n\t\t\t\t\n\t\t\t<\/div> Angaben gem\u00e4\u00df \u00a7 5 TMG: Kai Zin\u00dfius Grabmale Wagner &#8211; Kai Zin\u00dfius Friedhofstra\u00dfe 8 66976 Rodalben Kontakt: Telefon: 06331\/16701 Telefax: 06331\/16275 E-Mail: info@grabmale-wagner.com Registereintrag: Eintragung im Handelsregister. Registergericht:Zweibr\u00fccken Registernummer: HRA30200 Umsatzsteuer: Umsatzsteuer-Identifikationsnummer gem\u00e4\u00df \u00a727 a Umsatzsteuergesetz: DE255323986 Technische Umsetzung der Seite: IT Haus Saarland Jochen Schnuer, Bornweg 6, 66636 Theley Tel.: +49 6853 8599696; [&hellip;]<\/p>\n","protected":false},"author":2,"featured_media":0,"parent":0,"menu_order":0,"comment_status":"closed","ping_status":"closed","template":"","meta":{"_et_pb_use_builder":"on","_et_pb_old_content":"","_et_gb_content_width":"","footnotes":""},"class_list":["post-59","page","type-page","status-publish","hentry"],"_links":{"self":[{"href":"https:\/\/grabmale-wagner.com\/index.php?rest_route=\/wp\/v2\/pages\/59","targetHints":{"allow":["GET"]}}],"collection":[{"href":"https:\/\/grabmale-wagner.com\/index.php?rest_route=\/wp\/v2\/pages"}],"about":[{"href":"https:\/\/grabmale-wagner.com\/index.php?rest_route=\/wp\/v2\/types\/page"}],"author":[{"embeddable":true,"href":"https:\/\/grabmale-wagner.com\/index.php?rest_route=\/wp\/v2\/users\/2"}],"replies":[{"embeddable":true,"href":"https:\/\/grabmale-wagner.com\/index.php?rest_route=%2Fwp%2Fv2%2Fcomments&post=59"}],"version-history":[{"count":2,"href":"https:\/\/grabmale-wagner.com\/index.php?rest_route=\/wp\/v2\/pages\/59\/revisions"}],"predecessor-version":[{"id":63,"href":"https:\/\/grabmale-wagner.com\/index.php?rest_route=\/wp\/v2\/pages\/59\/revisions\/63"}],"wp:attachment":[{"href":"https:\/\/grabmale-wagner.com\/index.php?rest_route=%2Fwp%2Fv2%2Fmedia&parent=59"}],"curies":[{"name":"wp","href":"https:\/\/api.w.org\/{rel}","templated":true}]}}