{"id":46,"date":"2017-08-01T15:36:13","date_gmt":"2017-08-01T15:36:13","guid":{"rendered":"http:\/\/grabmale-wagner.com\/?page_id=46"},"modified":"2023-06-02T12:37:11","modified_gmt":"2023-06-02T10:37:11","slug":"mainpage","status":"publish","type":"page","link":"https:\/\/grabmale-wagner.com\/","title":{"rendered":"Mainpage"},"content":{"rendered":"<p>[et_pb_section fb_built=&#8220;1&#8243; fullwidth=&#8220;on&#8220; _builder_version=&#8220;3.22&#8243;][et_pb_fullwidth_image src=&#8220;https:\/\/grabmale-wagner.com\/wp-content\/uploads\/2017\/08\/grabmale_pic.jpg&#8220; title_text=&#8220;grabmale_pic&#8220; module_id=&#8220;home&#8220; _builder_version=&#8220;4.8.2&#8243; animation_style=&#8220;slide&#8220; animation_direction=&#8220;left&#8220; animation_duration=&#8220;500ms&#8220; animation_intensity_slide=&#8220;10%&#8220; border_style=&#8220;solid&#8220; animation=&#8220;left&#8220;][\/et_pb_fullwidth_image][\/et_pb_section][et_pb_section fb_built=&#8220;1&#8243; _builder_version=&#8220;3.22&#8243;][et_pb_row _builder_version=&#8220;3.25&#8243; background_size=&#8220;initial&#8220; background_position=&#8220;top_left&#8220; background_repeat=&#8220;repeat&#8220;][et_pb_column type=&#8220;4_4&#8243; _builder_version=&#8220;3.25&#8243; custom_padding=&#8220;|||&#8220; custom_padding__hover=&#8220;|||&#8220;][et_pb_text _builder_version=&#8220;3.27.4&#8243; border_style=&#8220;solid&#8220;]Willkommen auf der Homepage von Grabmale Wagner.<\/p>\n<p>Seit \u00fcber 100 Jahren steht unser Name f\u00fcr Qualit\u00e4t und Zuverl\u00e4ssigkeit im Grabmalbereich.<\/p>\n<p>Unser Angebot umfasst unter anderem:<\/p>\n<ul>\n<li>die individuelle Gestaltung von Grabdenkm\u00e4lern in Form von<br \/>\n&#8211; Einzel- und Doppelgrabmalanlagen<br \/>\n&#8211; <span class=\"text_exposed_show\">Urnengr\u00e4ber<br \/>\n&#8211; <\/span><span class=\"text_exposed_show\"><span class=\"text_exposed_show\">Granitstelen<br \/>\n&#8211; Grababdeckungen<\/span><\/span><\/li>\n<li><span class=\"text_exposed_show\">Den Verkauf und die Montage von Bronze-, Edelstahl- und Aluminiumzubeh\u00f6r:<br \/>\n&#8211; Laternen<br \/>\n&#8211; Vasen<br \/>\n&#8211; Schalen<br \/>\n&#8211; Figuren<br \/>\n&#8211; Kreuze<br \/>\n&#8211; Ornamente<br \/>\n&#8211; Beschriftungen<\/span><\/li>\n<\/ul>\n<p><span class=\"text_exposed_show\">Des Weiteren \u00fcbernehmen wir alle Nacharbeiten von bestehenden Grabdenkm\u00e4lern.<\/span><\/p>\n<p>Seit 2007 bieten wir auch Fliesen, Platten- und Mosaikverlegung an.<br \/>\n[\/et_pb_text][\/et_pb_column][\/et_pb_row][\/et_pb_section][et_pb_section fb_built=&#8220;1&#8243; fullwidth=&#8220;on&#8220; _builder_version=&#8220;3.22&#8243;][et_pb_fullwidth_map address=&#8220;Friedhofstra\u00dfe 8, 66976 Rodalben, Deutschland&#8220; address_lat=&#8220;49.24232&#8243; address_lng=&#8220;7.629140000000007&#8243; _builder_version=&#8220;3.0.91&#8243;][et_pb_map_pin title=&#8220;Grabmale Wagner&#8220; pin_address=&#8220;Friedhofstra\u00dfe 8, 66976 Rodalben, Deutschland&#8220; pin_address_lat=&#8220;49.24232&#8243; pin_address_lng=&#8220;7.629140000000007&#8243; _builder_version=&#8220;3.0.47&#8243;][\/et_pb_map_pin][\/et_pb_fullwidth_map][\/et_pb_section][et_pb_section fb_built=&#8220;1&#8243; _builder_version=&#8220;3.22&#8243;][et_pb_row column_structure=&#8220;1_2,1_2&#8243; module_id=&#8220;kontakt&#8220; _builder_version=&#8220;3.25&#8243;][et_pb_column type=&#8220;1_2&#8243; _builder_version=&#8220;3.25&#8243; background_position=&#8220;top_left&#8220; custom_padding=&#8220;|||&#8220; custom_padding__hover=&#8220;|||&#8220;][et_pb_contact_form email=&#8220;info@grabmale-wagner.com&#8220; title=&#8220;Kontakt&#8220; _builder_version=&#8220;4.9.4&#8243; hover_enabled=&#8220;0&#8243; border_radii=&#8220;on|0px|0px|0px|0px&#8220; border_style=&#8220;solid&#8220; input_border_radius=&#8220;0&#8243; button_letter_spacing_hover=&#8220;0&#8243; sticky_enabled=&#8220;0&#8243; disabled_on=&#8220;on|on|on&#8220; disabled=&#8220;on&#8220;][et_pb_contact_field field_id=&#8220;Name&#8220; field_title=&#8220;Name&#8220; _builder_version=&#8220;3.16&#8243; button_text_size__hover_enabled=&#8220;off&#8220; button_one_text_size__hover_enabled=&#8220;off&#8220; button_two_text_size__hover_enabled=&#8220;off&#8220; button_text_color__hover_enabled=&#8220;off&#8220; button_one_text_color__hover_enabled=&#8220;off&#8220; button_two_text_color__hover_enabled=&#8220;off&#8220; button_border_width__hover_enabled=&#8220;off&#8220; button_one_border_width__hover_enabled=&#8220;off&#8220; button_two_border_width__hover_enabled=&#8220;off&#8220; button_border_color__hover_enabled=&#8220;off&#8220; button_one_border_color__hover_enabled=&#8220;off&#8220; button_two_border_color__hover_enabled=&#8220;off&#8220; button_border_radius__hover_enabled=&#8220;off&#8220; button_one_border_radius__hover_enabled=&#8220;off&#8220; button_two_border_radius__hover_enabled=&#8220;off&#8220; button_letter_spacing__hover_enabled=&#8220;off&#8220; button_one_letter_spacing__hover_enabled=&#8220;off&#8220; button_two_letter_spacing__hover_enabled=&#8220;off&#8220; button_bg_color__hover_enabled=&#8220;off&#8220; button_one_bg_color__hover_enabled=&#8220;off&#8220; button_two_bg_color__hover_enabled=&#8220;off&#8220;][\/et_pb_contact_field][et_pb_contact_field field_id=&#8220;Email&#8220; field_title=&#8220;Email Address&#8220; field_type=&#8220;email&#8220; _builder_version=&#8220;3.16&#8243; button_text_size__hover_enabled=&#8220;off&#8220; button_one_text_size__hover_enabled=&#8220;off&#8220; button_two_text_size__hover_enabled=&#8220;off&#8220; button_text_color__hover_enabled=&#8220;off&#8220; button_one_text_color__hover_enabled=&#8220;off&#8220; button_two_text_color__hover_enabled=&#8220;off&#8220; button_border_width__hover_enabled=&#8220;off&#8220; button_one_border_width__hover_enabled=&#8220;off&#8220; button_two_border_width__hover_enabled=&#8220;off&#8220; button_border_color__hover_enabled=&#8220;off&#8220; button_one_border_color__hover_enabled=&#8220;off&#8220; button_two_border_color__hover_enabled=&#8220;off&#8220; button_border_radius__hover_enabled=&#8220;off&#8220; button_one_border_radius__hover_enabled=&#8220;off&#8220; button_two_border_radius__hover_enabled=&#8220;off&#8220; button_letter_spacing__hover_enabled=&#8220;off&#8220; button_one_letter_spacing__hover_enabled=&#8220;off&#8220; button_two_letter_spacing__hover_enabled=&#8220;off&#8220; button_bg_color__hover_enabled=&#8220;off&#8220; button_one_bg_color__hover_enabled=&#8220;off&#8220; button_two_bg_color__hover_enabled=&#8220;off&#8220;][\/et_pb_contact_field][et_pb_contact_field field_id=&#8220;Message&#8220; field_title=&#8220;Message&#8220; field_type=&#8220;text&#8220; fullwidth_field=&#8220;on&#8220; _builder_version=&#8220;3.16&#8243; button_text_size__hover_enabled=&#8220;off&#8220; button_one_text_size__hover_enabled=&#8220;off&#8220; button_two_text_size__hover_enabled=&#8220;off&#8220; button_text_color__hover_enabled=&#8220;off&#8220; button_one_text_color__hover_enabled=&#8220;off&#8220; button_two_text_color__hover_enabled=&#8220;off&#8220; button_border_width__hover_enabled=&#8220;off&#8220; button_one_border_width__hover_enabled=&#8220;off&#8220; button_two_border_width__hover_enabled=&#8220;off&#8220; button_border_color__hover_enabled=&#8220;off&#8220; button_one_border_color__hover_enabled=&#8220;off&#8220; button_two_border_color__hover_enabled=&#8220;off&#8220; button_border_radius__hover_enabled=&#8220;off&#8220; button_one_border_radius__hover_enabled=&#8220;off&#8220; button_two_border_radius__hover_enabled=&#8220;off&#8220; button_letter_spacing__hover_enabled=&#8220;off&#8220; button_one_letter_spacing__hover_enabled=&#8220;off&#8220; button_two_letter_spacing__hover_enabled=&#8220;off&#8220; button_bg_color__hover_enabled=&#8220;off&#8220; button_one_bg_color__hover_enabled=&#8220;off&#8220; button_two_bg_color__hover_enabled=&#8220;off&#8220;][\/et_pb_contact_field][\/et_pb_contact_form][\/et_pb_column][et_pb_column type=&#8220;1_2&#8243; _builder_version=&#8220;3.25&#8243; background_position=&#8220;top_left&#8220; custom_padding=&#8220;|||&#8220; custom_padding__hover=&#8220;|||&#8220;][et_pb_text _builder_version=&#8220;3.27.4&#8243; border_style=&#8220;solid&#8220;]Grabmale Wagner<br \/>\nInh. Kai Zin\u00dfius<br \/>\nFriedhofstra\u00dfe 8<br \/>\n66976 Rodalben<span class=\"text_exposed_show\"><br \/>\nDeutschland<br \/>\nTelefon: +49 (0)6331\/16701<br \/>\nTelefax: +49 (0)6331\/16275<br \/>\nE-Mail: info@grabmale-wagner.com<\/span><br \/>\n[\/et_pb_text][\/et_pb_column][\/et_pb_row][\/et_pb_section]<\/p>\n","protected":false},"excerpt":{"rendered":"<p>Willkommen auf der Homepage von Grabmale Wagner. Seit \u00fcber 100 Jahren steht unser Name f\u00fcr Qualit\u00e4t und Zuverl\u00e4ssigkeit im Grabmalbereich. Unser Angebot umfasst unter anderem: die individuelle Gestaltung von Grabdenkm\u00e4lern in Form von &#8211; Einzel- und Doppelgrabmalanlagen &#8211; Urnengr\u00e4ber &#8211; Granitstelen &#8211; Grababdeckungen Den Verkauf und die Montage von Bronze-, Edelstahl- und Aluminiumzubeh\u00f6r: &#8211; Laternen [&hellip;]<\/p>\n","protected":false},"author":2,"featured_media":0,"parent":0,"menu_order":0,"comment_status":"closed","ping_status":"closed","template":"","meta":{"_et_pb_use_builder":"on","_et_pb_old_content":"","_et_gb_content_width":"","footnotes":""},"class_list":["post-46","page","type-page","status-publish","hentry"],"_links":{"self":[{"href":"https:\/\/grabmale-wagner.com\/index.php?rest_route=\/wp\/v2\/pages\/46","targetHints":{"allow":["GET"]}}],"collection":[{"href":"https:\/\/grabmale-wagner.com\/index.php?rest_route=\/wp\/v2\/pages"}],"about":[{"href":"https:\/\/grabmale-wagner.com\/index.php?rest_route=\/wp\/v2\/types\/page"}],"author":[{"embeddable":true,"href":"https:\/\/grabmale-wagner.com\/index.php?rest_route=\/wp\/v2\/users\/2"}],"replies":[{"embeddable":true,"href":"https:\/\/grabmale-wagner.com\/index.php?rest_route=%2Fwp%2Fv2%2Fcomments&post=46"}],"version-history":[{"count":9,"href":"https:\/\/grabmale-wagner.com\/index.php?rest_route=\/wp\/v2\/pages\/46\/revisions"}],"predecessor-version":[{"id":75,"href":"https:\/\/grabmale-wagner.com\/index.php?rest_route=\/wp\/v2\/pages\/46\/revisions\/75"}],"wp:attachment":[{"href":"https:\/\/grabmale-wagner.com\/index.php?rest_route=%2Fwp%2Fv2%2Fmedia&parent=46"}],"curies":[{"name":"wp","href":"https:\/\/api.w.org\/{rel}","templated":true}]}}